{"id":2495,"date":"2023-10-31T15:59:43","date_gmt":"2023-10-31T14:59:43","guid":{"rendered":"https:\/\/canmasdeu.net\/?page_id=2495"},"modified":"2024-03-24T19:47:13","modified_gmt":"2024-03-24T18:47:13","slug":"crowdfunding","status":"publish","type":"page","link":"https:\/\/canmasdeu.net\/ca\/crowdfunding\/","title":{"rendered":"Crowdfunding"},"content":{"rendered":"<p style=\"text-align: center;\"><strong>Pel dret d\u2019\u00fas de qui custodia i cuida el territori, <\/strong><\/p>\n<p style=\"text-align: center;\"><strong>recolza\u2019ns per seguir regenerant aquest agrosistema \u00fanic malgrat la sequera i multes!<\/strong><\/p>\n<p>&nbsp;<\/p>\n<h4 style=\"text-align: center;\">Ho hem aconseguit! Mil gr\u00e0cies a totes<\/h4>\n<p>&nbsp;<\/p>","protected":false},"excerpt":{"rendered":"<p>Por el derecho de uso de quien custodia y cuida el territorio, ap\u00f3yanos para seguir regenerando este agrosistema \u00fanico a pesar de la sequ\u00eda y multa. &nbsp; Lo hemos conseguido! Mil gracias a todas &nbsp;<\/p>","protected":false},"author":1,"featured_media":0,"parent":0,"menu_order":0,"comment_status":"closed","ping_status":"closed","template":"","meta":{"_uag_custom_page_level_css":"","cybocfi_hide_featured_image":"","footnotes":""},"class_list":["post-2495","page","type-page","status-publish","hentry"],"uagb_featured_image_src":{"full":false,"thumbnail":false,"medium":false,"medium_large":false,"large":false,"1536x1536":false,"2048x2048":false,"trp-custom-language-flag":false},"uagb_author_info":{"display_name":"Admin \ud83e\ude84","author_link":"https:\/\/canmasdeu.net\/ca\/author\/canmasdeu42\/"},"uagb_comment_info":0,"uagb_excerpt":"Por el derecho de uso de quien custodia y cuida el territorio, ap\u00f3yanos para seguir regenerando este agrosistema \u00fanico a pesar de la sequ\u00eda y multa. &nbsp; Lo hemos conseguido! Mil gracias a todas &nbsp;","_links":{"self":[{"href":"https:\/\/canmasdeu.net\/ca\/wp-json\/wp\/v2\/pages\/2495","targetHints":{"allow":["GET"]}}],"collection":[{"href":"https:\/\/canmasdeu.net\/ca\/wp-json\/wp\/v2\/pages"}],"about":[{"href":"https:\/\/canmasdeu.net\/ca\/wp-json\/wp\/v2\/types\/page"}],"author":[{"embeddable":true,"href":"https:\/\/canmasdeu.net\/ca\/wp-json\/wp\/v2\/users\/1"}],"replies":[{"embeddable":true,"href":"https:\/\/canmasdeu.net\/ca\/wp-json\/wp\/v2\/comments?post=2495"}],"version-history":[{"count":5,"href":"https:\/\/canmasdeu.net\/ca\/wp-json\/wp\/v2\/pages\/2495\/revisions"}],"predecessor-version":[{"id":2693,"href":"https:\/\/canmasdeu.net\/ca\/wp-json\/wp\/v2\/pages\/2495\/revisions\/2693"}],"wp:attachment":[{"href":"https:\/\/canmasdeu.net\/ca\/wp-json\/wp\/v2\/media?parent=2495"}],"curies":[{"name":"wp","href":"https:\/\/api.w.org\/{rel}","templated":true}]}}