{"id":157,"date":"2022-12-04T20:36:19","date_gmt":"2022-12-04T19:36:19","guid":{"rendered":"https:\/\/canmasdeu.net\/?page_id=157"},"modified":"2026-04-16T15:04:57","modified_gmt":"2026-04-16T14:04:57","slug":"comunidad","status":"publish","type":"page","link":"https:\/\/canmasdeu.net\/ca\/comunidad\/","title":{"rendered":"Comunitat"},"content":{"rendered":"<p>L\u2019antiga leproseria acull una comunitat de vida, pal de paller de la gesti\u00f3 quotidiana de la finca i col.lectiu pol\u00edtic. Fem tasques de manteniment i d\u2019organitzaci\u00f3. I posem el cos transitar del capitaloc\u00e8 extractivista a un simbioc\u00e8 regeneratiu. Ho fem treballant amb recursos naturals locals i tecnologies accessibles. Tamb\u00e9 simplificant, col\u00b7lectivitzant i triant opcions de consum que co-generen economies transformadores. I organitzant-nos amb jornades de treball setmanals, comissions de treball, repartiment de tasques reproductives, assemblees i espais de cura relacional.<\/p>\r\n\r\n\r\n\r\n<figure class=\"wp-block-gallery has-nested-images columns-default is-cropped wp-block-gallery-1 is-layout-flex wp-block-gallery-is-layout-flex\">\r\n<figure class=\"wp-block-image size-large\"><img loading=\"lazy\" decoding=\"async\" width=\"1024\" height=\"1013\" data-id=\"1050\" src=\"https:\/\/canmasdeu.net\/wp-content\/uploads\/2023\/01\/Screenshot-2023-01-17-at-18.24.49-1024x1013.png\" alt=\"\" class=\"wp-image-1050\" srcset=\"https:\/\/canmasdeu.net\/wp-content\/uploads\/2023\/01\/Screenshot-2023-01-17-at-18.24.49-1024x1013.png 1024w, https:\/\/canmasdeu.net\/wp-content\/uploads\/2023\/01\/Screenshot-2023-01-17-at-18.24.49-300x297.png 300w, https:\/\/canmasdeu.net\/wp-content\/uploads\/2023\/01\/Screenshot-2023-01-17-at-18.24.49-768x760.png 768w, https:\/\/canmasdeu.net\/wp-content\/uploads\/2023\/01\/Screenshot-2023-01-17-at-18.24.49-1536x1520.png 1536w, https:\/\/canmasdeu.net\/wp-content\/uploads\/2023\/01\/Screenshot-2023-01-17-at-18.24.49.png 1722w\" sizes=\"auto, (max-width: 1024px) 100vw, 1024px\" \/><\/figure>\r\n\r\n\r\n\r\n<figure class=\"wp-block-image size-large\"><img loading=\"lazy\" decoding=\"async\" width=\"1024\" height=\"768\" data-id=\"1783\" src=\"https:\/\/canmasdeu.net\/wp-content\/uploads\/2023\/02\/IMG_4470-1024x768.jpg\" alt=\"\" class=\"wp-image-1783\" srcset=\"https:\/\/canmasdeu.net\/wp-content\/uploads\/2023\/02\/IMG_4470-1024x768.jpg 1024w, https:\/\/canmasdeu.net\/wp-content\/uploads\/2023\/02\/IMG_4470-300x225.jpg 300w, https:\/\/canmasdeu.net\/wp-content\/uploads\/2023\/02\/IMG_4470-768x576.jpg 768w, https:\/\/canmasdeu.net\/wp-content\/uploads\/2023\/02\/IMG_4470-16x12.jpg 16w, https:\/\/canmasdeu.net\/wp-content\/uploads\/2023\/02\/IMG_4470.jpg 1280w\" sizes=\"auto, (max-width: 1024px) 100vw, 1024px\" \/><\/figure>\r\n<\/figure>\r\n\r\n\r\n\r\n<p>Des de la comunitat tamb\u00e9 acollim les rutes guiades d\u2019Educaci\u00f3 Agroecol\u00f2gica, orientades principalment a nens i joves d\u2019escoles o esplais, per\u00f2 que poden incloure totes les edats. La nostra vocaci\u00f3 \u00e9s oferir la possibilitat de con\u00e8ixer una forma de vida alternativa en un entorn m\u00e9s integrat als cicles naturals.<\/p>\r\n\r\n\r\n\r\n<p><\/p>\r\n\r\n\r\n\r\n<p>Si vols venir i con\u00e8ixer el projecte des de la convivencia diaria, vine't un diumenge a la jornada d'horts (Regenerades) o qualsevol diumenge que obrim amb les activitats del centre social PIC. D'aquesta manera ens podrem con\u00e8ixer i t'explicarem com funciona.<\/p>\r\n\r\n\r\n\r\n<p><\/p>\r\n\r\n\r\n\r\n<p><\/p>\r\n\r\n\r\n\r\n<div class=\"wp-block-group is-layout-constrained wp-block-group-is-layout-constrained\">\r\n<figure class=\"wp-block-gallery has-nested-images columns-default is-cropped wp-block-gallery-2 is-layout-flex wp-block-gallery-is-layout-flex\">\r\n<figure class=\"wp-block-image size-large\"><img loading=\"lazy\" decoding=\"async\" width=\"683\" height=\"1024\" data-id=\"705\" src=\"https:\/\/canmasdeu.net\/wp-content\/uploads\/2022\/12\/1-tapa-683x1024.jpg\" alt=\"\" class=\"wp-image-705\" srcset=\"https:\/\/canmasdeu.net\/wp-content\/uploads\/2022\/12\/1-tapa-683x1024.jpg 683w, https:\/\/canmasdeu.net\/wp-content\/uploads\/2022\/12\/1-tapa-200x300.jpg 200w, https:\/\/canmasdeu.net\/wp-content\/uploads\/2022\/12\/1-tapa-768x1152.jpg 768w, https:\/\/canmasdeu.net\/wp-content\/uploads\/2022\/12\/1-tapa-1024x1536.jpg 1024w, https:\/\/canmasdeu.net\/wp-content\/uploads\/2022\/12\/1-tapa-1365x2048.jpg 1365w, https:\/\/canmasdeu.net\/wp-content\/uploads\/2022\/12\/1-tapa-scaled.jpg 1707w\" sizes=\"auto, (max-width: 683px) 100vw, 683px\" \/><\/figure>\r\n\r\n\r\n\r\n<figure class=\"wp-block-image size-large\"><img loading=\"lazy\" decoding=\"async\" width=\"1024\" height=\"682\" data-id=\"1845\" src=\"https:\/\/canmasdeu.net\/wp-content\/uploads\/2023\/02\/12-diciembre-1-1024x682.jpg\" alt=\"\" class=\"wp-image-1845\" srcset=\"https:\/\/canmasdeu.net\/wp-content\/uploads\/2023\/02\/12-diciembre-1-1024x682.jpg 1024w, https:\/\/canmasdeu.net\/wp-content\/uploads\/2023\/02\/12-diciembre-1-300x200.jpg 300w, https:\/\/canmasdeu.net\/wp-content\/uploads\/2023\/02\/12-diciembre-1-768x512.jpg 768w, https:\/\/canmasdeu.net\/wp-content\/uploads\/2023\/02\/12-diciembre-1-18x12.jpg 18w, https:\/\/canmasdeu.net\/wp-content\/uploads\/2023\/02\/12-diciembre-1.jpg 1280w\" sizes=\"auto, (max-width: 1024px) 100vw, 1024px\" \/><\/figure>\r\n\r\n\r\n\r\n<figure class=\"wp-block-image size-large\"><img loading=\"lazy\" decoding=\"async\" width=\"1024\" height=\"683\" data-id=\"704\" src=\"https:\/\/canmasdeu.net\/wp-content\/uploads\/2022\/12\/MG_9001-1024x683.jpg\" alt=\"\" class=\"wp-image-704\" srcset=\"https:\/\/canmasdeu.net\/wp-content\/uploads\/2022\/12\/MG_9001-1024x683.jpg 1024w, https:\/\/canmasdeu.net\/wp-content\/uploads\/2022\/12\/MG_9001-300x200.jpg 300w, https:\/\/canmasdeu.net\/wp-content\/uploads\/2022\/12\/MG_9001-768x512.jpg 768w, https:\/\/canmasdeu.net\/wp-content\/uploads\/2022\/12\/MG_9001-1536x1024.jpg 1536w, https:\/\/canmasdeu.net\/wp-content\/uploads\/2022\/12\/MG_9001-2048x1365.jpg 2048w\" sizes=\"auto, (max-width: 1024px) 100vw, 1024px\" \/><\/figure>\r\n\r\n\r\n\r\n<figure class=\"wp-block-image size-full\"><img loading=\"lazy\" decoding=\"async\" width=\"800\" height=\"600\" data-id=\"336\" src=\"https:\/\/canmasdeu.net\/wp-content\/uploads\/2022\/12\/pic.jpg\" alt=\"\" class=\"wp-image-336\" srcset=\"https:\/\/canmasdeu.net\/wp-content\/uploads\/2022\/12\/pic.jpg 800w, https:\/\/canmasdeu.net\/wp-content\/uploads\/2022\/12\/pic-300x225.jpg 300w, https:\/\/canmasdeu.net\/wp-content\/uploads\/2022\/12\/pic-768x576.jpg 768w\" sizes=\"auto, (max-width: 800px) 100vw, 800px\" \/><\/figure>\r\n\r\n\r\n\r\n<figure class=\"wp-block-image size-large\"><img loading=\"lazy\" decoding=\"async\" width=\"1024\" height=\"682\" data-id=\"1846\" src=\"https:\/\/canmasdeu.net\/wp-content\/uploads\/2023\/02\/233-1-1024x682.jpg\" alt=\"\" class=\"wp-image-1846\" srcset=\"https:\/\/canmasdeu.net\/wp-content\/uploads\/2023\/02\/233-1-1024x682.jpg 1024w, https:\/\/canmasdeu.net\/wp-content\/uploads\/2023\/02\/233-1-300x200.jpg 300w, https:\/\/canmasdeu.net\/wp-content\/uploads\/2023\/02\/233-1-768x512.jpg 768w, https:\/\/canmasdeu.net\/wp-content\/uploads\/2023\/02\/233-1-18x12.jpg 18w, https:\/\/canmasdeu.net\/wp-content\/uploads\/2023\/02\/233-1.jpg 1280w\" sizes=\"auto, (max-width: 1024px) 100vw, 1024px\" \/><\/figure>\r\n\r\n\r\n\r\n<figure class=\"wp-block-image size-large\"><img loading=\"lazy\" decoding=\"async\" width=\"1024\" height=\"576\" data-id=\"1789\" src=\"https:\/\/canmasdeu.net\/wp-content\/uploads\/2023\/02\/IMG-20221103-WA0003-1024x576.jpg\" alt=\"\" class=\"wp-image-1789\" srcset=\"https:\/\/canmasdeu.net\/wp-content\/uploads\/2023\/02\/IMG-20221103-WA0003-1024x576.jpg 1024w, https:\/\/canmasdeu.net\/wp-content\/uploads\/2023\/02\/IMG-20221103-WA0003-300x169.jpg 300w, https:\/\/canmasdeu.net\/wp-content\/uploads\/2023\/02\/IMG-20221103-WA0003-768x432.jpg 768w, https:\/\/canmasdeu.net\/wp-content\/uploads\/2023\/02\/IMG-20221103-WA0003-18x10.jpg 18w, https:\/\/canmasdeu.net\/wp-content\/uploads\/2023\/02\/IMG-20221103-WA0003.jpg 1280w\" sizes=\"auto, (max-width: 1024px) 100vw, 1024px\" \/><\/figure>\r\n\r\n\r\n\r\n<figure class=\"wp-block-image size-large\"><img loading=\"lazy\" decoding=\"async\" width=\"1024\" height=\"683\" data-id=\"1746\" src=\"https:\/\/canmasdeu.net\/wp-content\/uploads\/2023\/02\/18-1024x683.jpg\" alt=\"\" class=\"wp-image-1746\" srcset=\"https:\/\/canmasdeu.net\/wp-content\/uploads\/2023\/02\/18-1024x683.jpg 1024w, https:\/\/canmasdeu.net\/wp-content\/uploads\/2023\/02\/18-300x200.jpg 300w, https:\/\/canmasdeu.net\/wp-content\/uploads\/2023\/02\/18-768x512.jpg 768w, https:\/\/canmasdeu.net\/wp-content\/uploads\/2023\/02\/18-18x12.jpg 18w, https:\/\/canmasdeu.net\/wp-content\/uploads\/2023\/02\/18.jpg 1086w\" sizes=\"auto, (max-width: 1024px) 100vw, 1024px\" \/><\/figure>\r\n\r\n\r\n\r\n<figure class=\"wp-block-image size-large\"><img loading=\"lazy\" decoding=\"async\" width=\"1024\" height=\"682\" data-id=\"1751\" src=\"https:\/\/canmasdeu.net\/wp-content\/uploads\/2023\/02\/101-1024x682.jpg\" alt=\"\" class=\"wp-image-1751\" srcset=\"https:\/\/canmasdeu.net\/wp-content\/uploads\/2023\/02\/101-1024x682.jpg 1024w, https:\/\/canmasdeu.net\/wp-content\/uploads\/2023\/02\/101-300x200.jpg 300w, https:\/\/canmasdeu.net\/wp-content\/uploads\/2023\/02\/101-768x512.jpg 768w, https:\/\/canmasdeu.net\/wp-content\/uploads\/2023\/02\/101-18x12.jpg 18w, https:\/\/canmasdeu.net\/wp-content\/uploads\/2023\/02\/101.jpg 1280w\" sizes=\"auto, (max-width: 1024px) 100vw, 1024px\" \/><\/figure>\r\n\r\n\r\n\r\n<figure class=\"wp-block-image size-large\"><img loading=\"lazy\" decoding=\"async\" width=\"1024\" height=\"682\" data-id=\"1752\" src=\"https:\/\/canmasdeu.net\/wp-content\/uploads\/2023\/02\/114-1024x682.jpg\" alt=\"\" class=\"wp-image-1752\" srcset=\"https:\/\/canmasdeu.net\/wp-content\/uploads\/2023\/02\/114-1024x682.jpg 1024w, https:\/\/canmasdeu.net\/wp-content\/uploads\/2023\/02\/114-300x200.jpg 300w, https:\/\/canmasdeu.net\/wp-content\/uploads\/2023\/02\/114-768x512.jpg 768w, https:\/\/canmasdeu.net\/wp-content\/uploads\/2023\/02\/114-18x12.jpg 18w, https:\/\/canmasdeu.net\/wp-content\/uploads\/2023\/02\/114.jpg 1280w\" sizes=\"auto, (max-width: 1024px) 100vw, 1024px\" \/><\/figure>\r\n\r\n\r\n\r\n<figure class=\"wp-block-image size-large\"><img loading=\"lazy\" decoding=\"async\" width=\"1024\" height=\"682\" data-id=\"1810\" src=\"https:\/\/canmasdeu.net\/wp-content\/uploads\/2023\/02\/302-1-1024x682.jpg\" alt=\"\" class=\"wp-image-1810\" srcset=\"https:\/\/canmasdeu.net\/wp-content\/uploads\/2023\/02\/302-1-1024x682.jpg 1024w, https:\/\/canmasdeu.net\/wp-content\/uploads\/2023\/02\/302-1-300x200.jpg 300w, https:\/\/canmasdeu.net\/wp-content\/uploads\/2023\/02\/302-1-768x512.jpg 768w, https:\/\/canmasdeu.net\/wp-content\/uploads\/2023\/02\/302-1-18x12.jpg 18w, https:\/\/canmasdeu.net\/wp-content\/uploads\/2023\/02\/302-1.jpg 1280w\" sizes=\"auto, (max-width: 1024px) 100vw, 1024px\" \/><\/figure>\r\n\r\n\r\n\r\n<figure class=\"wp-block-image size-large\"><img loading=\"lazy\" decoding=\"async\" width=\"768\" height=\"1024\" data-id=\"1762\" src=\"https:\/\/canmasdeu.net\/wp-content\/uploads\/2023\/02\/Can-Mas-Deu-toilettes-768x1024.jpg\" alt=\"\" class=\"wp-image-1762\" srcset=\"https:\/\/canmasdeu.net\/wp-content\/uploads\/2023\/02\/Can-Mas-Deu-toilettes-768x1024.jpg 768w, https:\/\/canmasdeu.net\/wp-content\/uploads\/2023\/02\/Can-Mas-Deu-toilettes-225x300.jpg 225w, https:\/\/canmasdeu.net\/wp-content\/uploads\/2023\/02\/Can-Mas-Deu-toilettes-9x12.jpg 9w, https:\/\/canmasdeu.net\/wp-content\/uploads\/2023\/02\/Can-Mas-Deu-toilettes.jpg 960w\" sizes=\"auto, (max-width: 768px) 100vw, 768px\" \/><\/figure>\r\n\r\n\r\n\r\n<figure class=\"wp-block-image size-large\"><img loading=\"lazy\" decoding=\"async\" width=\"682\" height=\"1024\" data-id=\"1753\" src=\"https:\/\/canmasdeu.net\/wp-content\/uploads\/2023\/02\/0180-682x1024.jpg\" alt=\"\" class=\"wp-image-1753\" srcset=\"https:\/\/canmasdeu.net\/wp-content\/uploads\/2023\/02\/0180-682x1024.jpg 682w, https:\/\/canmasdeu.net\/wp-content\/uploads\/2023\/02\/0180-200x300.jpg 200w, https:\/\/canmasdeu.net\/wp-content\/uploads\/2023\/02\/0180-768x1152.jpg 768w, https:\/\/canmasdeu.net\/wp-content\/uploads\/2023\/02\/0180-8x12.jpg 8w, https:\/\/canmasdeu.net\/wp-content\/uploads\/2023\/02\/0180.jpg 853w\" sizes=\"auto, (max-width: 682px) 100vw, 682px\" \/><\/figure>\r\n\r\n\r\n\r\n<figure class=\"wp-block-image size-large\"><img loading=\"lazy\" decoding=\"async\" width=\"1024\" height=\"768\" data-id=\"1812\" src=\"https:\/\/canmasdeu.net\/wp-content\/uploads\/2023\/02\/DSC00056-1-1024x768.jpg\" alt=\"\" class=\"wp-image-1812\" srcset=\"https:\/\/canmasdeu.net\/wp-content\/uploads\/2023\/02\/DSC00056-1-1024x768.jpg 1024w, https:\/\/canmasdeu.net\/wp-content\/uploads\/2023\/02\/DSC00056-1-300x225.jpg 300w, https:\/\/canmasdeu.net\/wp-content\/uploads\/2023\/02\/DSC00056-1-768x576.jpg 768w, https:\/\/canmasdeu.net\/wp-content\/uploads\/2023\/02\/DSC00056-1-16x12.jpg 16w, https:\/\/canmasdeu.net\/wp-content\/uploads\/2023\/02\/DSC00056-1.jpg 1280w\" sizes=\"auto, (max-width: 1024px) 100vw, 1024px\" \/><\/figure>\r\n\r\n\r\n\r\n<figure class=\"wp-block-image size-large\"><img loading=\"lazy\" decoding=\"async\" width=\"1024\" height=\"768\" data-id=\"719\" src=\"https:\/\/canmasdeu.net\/wp-content\/uploads\/2022\/12\/DSC00102-1024x768.jpg\" alt=\"\" class=\"wp-image-719\" srcset=\"https:\/\/canmasdeu.net\/wp-content\/uploads\/2022\/12\/DSC00102-1024x768.jpg 1024w, https:\/\/canmasdeu.net\/wp-content\/uploads\/2022\/12\/DSC00102-300x225.jpg 300w, https:\/\/canmasdeu.net\/wp-content\/uploads\/2022\/12\/DSC00102-768x576.jpg 768w, https:\/\/canmasdeu.net\/wp-content\/uploads\/2022\/12\/DSC00102-1536x1153.jpg 1536w, https:\/\/canmasdeu.net\/wp-content\/uploads\/2022\/12\/DSC00102.jpg 1563w\" sizes=\"auto, (max-width: 1024px) 100vw, 1024px\" \/><\/figure>\r\n\r\n\r\n\r\n<figure class=\"wp-block-image size-large\"><img loading=\"lazy\" decoding=\"async\" width=\"1024\" height=\"768\" data-id=\"1819\" src=\"https:\/\/canmasdeu.net\/wp-content\/uploads\/2023\/02\/IMG_0063_4-1-1024x768.jpg\" alt=\"\" class=\"wp-image-1819\" srcset=\"https:\/\/canmasdeu.net\/wp-content\/uploads\/2023\/02\/IMG_0063_4-1-1024x768.jpg 1024w, https:\/\/canmasdeu.net\/wp-content\/uploads\/2023\/02\/IMG_0063_4-1-300x225.jpg 300w, https:\/\/canmasdeu.net\/wp-content\/uploads\/2023\/02\/IMG_0063_4-1-768x576.jpg 768w, https:\/\/canmasdeu.net\/wp-content\/uploads\/2023\/02\/IMG_0063_4-1-16x12.jpg 16w, https:\/\/canmasdeu.net\/wp-content\/uploads\/2023\/02\/IMG_0063_4-1.jpg 1280w\" sizes=\"auto, (max-width: 1024px) 100vw, 1024px\" \/><\/figure>\r\n\r\n\r\n\r\n<figure class=\"wp-block-image size-large\"><img loading=\"lazy\" decoding=\"async\" width=\"768\" height=\"1024\" data-id=\"1821\" src=\"https:\/\/canmasdeu.net\/wp-content\/uploads\/2023\/02\/IMG_3384-1-768x1024.jpg\" alt=\"\" class=\"wp-image-1821\" srcset=\"https:\/\/canmasdeu.net\/wp-content\/uploads\/2023\/02\/IMG_3384-1-768x1024.jpg 768w, https:\/\/canmasdeu.net\/wp-content\/uploads\/2023\/02\/IMG_3384-1-225x300.jpg 225w, https:\/\/canmasdeu.net\/wp-content\/uploads\/2023\/02\/IMG_3384-1-9x12.jpg 9w, https:\/\/canmasdeu.net\/wp-content\/uploads\/2023\/02\/IMG_3384-1.jpg 960w\" sizes=\"auto, (max-width: 768px) 100vw, 768px\" \/><\/figure>\r\n\r\n\r\n\r\n<figure class=\"wp-block-image size-large\"><img loading=\"lazy\" decoding=\"async\" width=\"500\" height=\"333\" data-id=\"1826\" src=\"https:\/\/canmasdeu.net\/wp-content\/uploads\/2023\/02\/IMG_9459.jpg\" alt=\"\" class=\"wp-image-1826\" srcset=\"https:\/\/canmasdeu.net\/wp-content\/uploads\/2023\/02\/IMG_9459.jpg 500w, https:\/\/canmasdeu.net\/wp-content\/uploads\/2023\/02\/IMG_9459-300x200.jpg 300w, https:\/\/canmasdeu.net\/wp-content\/uploads\/2023\/02\/IMG_9459-18x12.jpg 18w\" sizes=\"auto, (max-width: 500px) 100vw, 500px\" \/><\/figure>\r\n\r\n\r\n\r\n<figure class=\"wp-block-image size-large\"><img loading=\"lazy\" decoding=\"async\" width=\"1024\" height=\"683\" data-id=\"1859\" src=\"https:\/\/canmasdeu.net\/wp-content\/uploads\/2023\/02\/167-1024x683.jpg\" alt=\"\" class=\"wp-image-1859\" srcset=\"https:\/\/canmasdeu.net\/wp-content\/uploads\/2023\/02\/167-1024x683.jpg 1024w, https:\/\/canmasdeu.net\/wp-content\/uploads\/2023\/02\/167-300x200.jpg 300w, https:\/\/canmasdeu.net\/wp-content\/uploads\/2023\/02\/167-768x512.jpg 768w, https:\/\/canmasdeu.net\/wp-content\/uploads\/2023\/02\/167-18x12.jpg 18w, https:\/\/canmasdeu.net\/wp-content\/uploads\/2023\/02\/167.jpg 1086w\" sizes=\"auto, (max-width: 1024px) 100vw, 1024px\" \/><\/figure>\r\n\r\n\r\n\r\n<figure class=\"wp-block-image size-large\"><img loading=\"lazy\" decoding=\"async\" width=\"1024\" height=\"682\" data-id=\"1772\" src=\"https:\/\/canmasdeu.net\/wp-content\/uploads\/2023\/02\/Fraggel-1024x682.jpg\" alt=\"\" class=\"wp-image-1772\" srcset=\"https:\/\/canmasdeu.net\/wp-content\/uploads\/2023\/02\/Fraggel-1024x682.jpg 1024w, https:\/\/canmasdeu.net\/wp-content\/uploads\/2023\/02\/Fraggel-300x200.jpg 300w, https:\/\/canmasdeu.net\/wp-content\/uploads\/2023\/02\/Fraggel-768x512.jpg 768w, https:\/\/canmasdeu.net\/wp-content\/uploads\/2023\/02\/Fraggel-18x12.jpg 18w, https:\/\/canmasdeu.net\/wp-content\/uploads\/2023\/02\/Fraggel.jpg 1280w\" sizes=\"auto, (max-width: 1024px) 100vw, 1024px\" \/><\/figure>\r\n\r\n\r\n\r\n<figure class=\"wp-block-image size-large\"><img loading=\"lazy\" decoding=\"async\" width=\"1024\" height=\"682\" data-id=\"1791\" src=\"https:\/\/canmasdeu.net\/wp-content\/uploads\/2023\/02\/Kike-1024x682.jpg\" alt=\"\" class=\"wp-image-1791\" srcset=\"https:\/\/canmasdeu.net\/wp-content\/uploads\/2023\/02\/Kike-1024x682.jpg 1024w, https:\/\/canmasdeu.net\/wp-content\/uploads\/2023\/02\/Kike-300x200.jpg 300w, https:\/\/canmasdeu.net\/wp-content\/uploads\/2023\/02\/Kike-768x512.jpg 768w, https:\/\/canmasdeu.net\/wp-content\/uploads\/2023\/02\/Kike-18x12.jpg 18w, https:\/\/canmasdeu.net\/wp-content\/uploads\/2023\/02\/Kike.jpg 1280w\" sizes=\"auto, (max-width: 1024px) 100vw, 1024px\" \/><\/figure>\r\n<\/figure>\r\n<\/div>","protected":false},"excerpt":{"rendered":"<p>La antigua leproser\u00eda acoge una comunidad de vida, puntal de la gesti\u00f3n cotidiana de la finca y colectivo pol\u00edtico. Realizamos tareas de mantenimiento y organizaci\u00f3n. Y ponemos el cuerpo para transitar del capitaloceno extractivista a un simbioceno regenerativo. Lo hacemos trabajando con recursos naturales locales y tecnolog\u00edas accesibles. Tambi\u00e9n simplificando, colectivizando y eligiendo opciones de [&hellip;]<\/p>\n","protected":false},"author":1,"featured_media":0,"parent":0,"menu_order":0,"comment_status":"closed","ping_status":"closed","template":"","meta":{"_uag_custom_page_level_css":"","cybocfi_hide_featured_image":"","footnotes":""},"class_list":["post-157","page","type-page","status-publish","hentry"],"uagb_featured_image_src":{"full":false,"thumbnail":false,"medium":false,"medium_large":false,"large":false,"1536x1536":false,"2048x2048":false,"trp-custom-language-flag":false},"uagb_author_info":{"display_name":"Admin \ud83e\ude84","author_link":"https:\/\/canmasdeu.net\/ca\/author\/canmasdeu42\/"},"uagb_comment_info":0,"uagb_excerpt":"La antigua leproser\u00eda acoge una comunidad de vida, puntal de la gesti\u00f3n cotidiana de la finca y colectivo pol\u00edtico. Realizamos tareas de mantenimiento y organizaci\u00f3n. Y ponemos el cuerpo para transitar del capitaloceno extractivista a un simbioceno regenerativo. Lo hacemos trabajando con recursos naturales locales y tecnolog\u00edas accesibles. Tambi\u00e9n simplificando, colectivizando y eligiendo opciones de&hellip;","_links":{"self":[{"href":"https:\/\/canmasdeu.net\/ca\/wp-json\/wp\/v2\/pages\/157","targetHints":{"allow":["GET"]}}],"collection":[{"href":"https:\/\/canmasdeu.net\/ca\/wp-json\/wp\/v2\/pages"}],"about":[{"href":"https:\/\/canmasdeu.net\/ca\/wp-json\/wp\/v2\/types\/page"}],"author":[{"embeddable":true,"href":"https:\/\/canmasdeu.net\/ca\/wp-json\/wp\/v2\/users\/1"}],"replies":[{"embeddable":true,"href":"https:\/\/canmasdeu.net\/ca\/wp-json\/wp\/v2\/comments?post=157"}],"version-history":[{"count":13,"href":"https:\/\/canmasdeu.net\/ca\/wp-json\/wp\/v2\/pages\/157\/revisions"}],"predecessor-version":[{"id":2952,"href":"https:\/\/canmasdeu.net\/ca\/wp-json\/wp\/v2\/pages\/157\/revisions\/2952"}],"wp:attachment":[{"href":"https:\/\/canmasdeu.net\/ca\/wp-json\/wp\/v2\/media?parent=157"}],"curies":[{"name":"wp","href":"https:\/\/api.w.org\/{rel}","templated":true}]}}