{"id":155,"date":"2022-12-04T20:36:05","date_gmt":"2022-12-04T19:36:05","guid":{"rendered":"https:\/\/canmasdeu.net\/?page_id=155"},"modified":"2025-10-08T11:50:00","modified_gmt":"2025-10-08T10:50:00","slug":"regenerades","status":"publish","type":"page","link":"https:\/\/canmasdeu.net\/ca\/regenerades\/","title":{"rendered":"Regenerades"},"content":{"rendered":"<p><strong>Ens trobem cada dijous<\/strong> per treballar colze a colze i compartir verdures.<strong> Quan els dies es fan curts estem de 10 a 15h, fent un piscolabis a les 12h15 i menjant juntes a les 15h<\/strong>, tot gratu\u00eft. <strong>Quan la calor prem fem el mateix per\u00f2 a les tardes, de 16:30 a 21h.<\/strong> Per venir no cal avisar abans.<\/p>\r\n<hr \/>\r\n<p>La terra ens cuida si la cuidem. Recircula aigua, carboni i vida... tot all\u00f2 que l\u2019agronegoci ha despla\u00e7at amb energia f\u00f2ssil, lineal i morta. Les conseq\u00fc\u00e8ncies d\u2019aquesta mirada extractivista es fan palpables en les m\u00faltiples crisis contempor\u00e0nies.<\/p>\r\n\r\n\r\n\r\n<figure class=\"wp-block-gallery has-nested-images columns-default is-cropped wp-block-gallery-1 is-layout-flex wp-block-gallery-is-layout-flex\">\r\n<figure class=\"wp-block-image size-large\"><a href=\"http:\/\/canmasdeu.net\/wp-content\/uploads\/2024\/12\/IMG-20241204-WA0010.jpg\"><img loading=\"lazy\" decoding=\"async\" data-id=\"667\" class=\"alignleft wp-image-2843 size-medium\" src=\"http:\/\/canmasdeu.net\/wp-content\/uploads\/2024\/12\/IMG-20241204-WA0010-300x300.jpg\" alt=\"\" width=\"300\" height=\"300\" srcset=\"https:\/\/canmasdeu.net\/wp-content\/uploads\/2024\/12\/IMG-20241204-WA0010-300x300.jpg 300w, https:\/\/canmasdeu.net\/wp-content\/uploads\/2024\/12\/IMG-20241204-WA0010-1024x1024.jpg 1024w, https:\/\/canmasdeu.net\/wp-content\/uploads\/2024\/12\/IMG-20241204-WA0010-150x150.jpg 150w, https:\/\/canmasdeu.net\/wp-content\/uploads\/2024\/12\/IMG-20241204-WA0010-768x768.jpg 768w, https:\/\/canmasdeu.net\/wp-content\/uploads\/2024\/12\/IMG-20241204-WA0010-12x12.jpg 12w, https:\/\/canmasdeu.net\/wp-content\/uploads\/2024\/12\/IMG-20241204-WA0010.jpg 1080w\" sizes=\"auto, (max-width: 300px) 100vw, 300px\" \/><\/a><\/figure>\r\n\r\n\r\n\r\n<figure class=\"wp-block-image size-full\"><img loading=\"lazy\" decoding=\"async\" data-id=\"336\" class=\"wp-image-336\" src=\"https:\/\/canmasdeu.net\/wp-content\/uploads\/2022\/12\/pic.jpg\" alt=\"\" width=\"759\" height=\"569\" srcset=\"https:\/\/canmasdeu.net\/wp-content\/uploads\/2022\/12\/pic.jpg 800w, https:\/\/canmasdeu.net\/wp-content\/uploads\/2022\/12\/pic-300x225.jpg 300w, https:\/\/canmasdeu.net\/wp-content\/uploads\/2022\/12\/pic-768x576.jpg 768w\" sizes=\"auto, (max-width: 759px) 100vw, 759px\" \/><\/figure>\r\n<\/figure>\r\n\r\n\r\n\r\n<p>&nbsp;<\/p>\r\n\r\n\r\n\r\n<p>Regenerades som un espai comunitari de producci\u00f3 i investigaci\u00f3 que cerca la fertilitat biol\u00f2gica ciclant els nutrients a escala local. Per aconseguir-ho treballem amb cobertures permanents, compost ric en carboni, biotriturats, adobs verds, extractes vegetals, vermicompost, planter ecol\u00f2gic, xenojardineria, fitodepuraci\u00f3 i unes bones dosis d\u2019agrofitness.<\/p>\r\n<p>Funcionem sobre la base de dos nivells organitzatius entrella\u00e7ats. D\u00b4una banda, una comissi\u00f3 de treball de la comunitat organitza el calendari de sembres i s\u00b4encarrega d\u00b4assegurar el reg dels horts. De l'altra, a l'assemblea de Regenerades es decideixen altres projectes regeneratius complementaris i es formen grups per dur-los a terme.<\/p>\r\n\r\n\r\n\r\n\r\n\r\n\r\n\r\n<p>Si vols aprofundir <a href=\"https:\/\/drive.google.com\/file\/d\/1NIQm02inGm1uJa0_m7OTLJ0yPp3aZdwH\/view?usp=sharing\">aqu\u00ed<\/a> expliquem conceptes i t\u00e8cniques que utilitzem als nostres horts. I <a href=\"https:\/\/canmasdeu.net\/wp-content\/uploads\/2023\/05\/PLANTES-COLLSEROLA-COMPRIMIT-BONA-QUALITAT.pdf\" target=\"_blank\" rel=\"noreferrer noopener\">aqu\u00ed<\/a> tens una descripci\u00f3 de les plantes silvestres de Collserola i els seus usos.<\/p>\r\n\r\n\r\n\r\n\r\n\r\n<p>&nbsp;<\/p>\r\n\r\n\r\n\r\n<div class=\"wp-block-group is-layout-constrained wp-block-group-is-layout-constrained\">\r\n<figure class=\"wp-block-gallery has-nested-images columns-default is-cropped wp-block-gallery-2 is-layout-flex wp-block-gallery-is-layout-flex\">\r\n<figure class=\"wp-block-image size-large\"><img loading=\"lazy\" decoding=\"async\" width=\"1024\" height=\"1024\" data-id=\"1842\" class=\"wp-image-1842\" src=\"https:\/\/canmasdeu.net\/wp-content\/uploads\/2023\/02\/WhatsApp-Image-2021-04-14-at-13.05.53-1024x1024.jpg\" alt=\"\" srcset=\"https:\/\/canmasdeu.net\/wp-content\/uploads\/2023\/02\/WhatsApp-Image-2021-04-14-at-13.05.53-1024x1024.jpg 1024w, https:\/\/canmasdeu.net\/wp-content\/uploads\/2023\/02\/WhatsApp-Image-2021-04-14-at-13.05.53-300x300.jpg 300w, https:\/\/canmasdeu.net\/wp-content\/uploads\/2023\/02\/WhatsApp-Image-2021-04-14-at-13.05.53-150x150.jpg 150w, https:\/\/canmasdeu.net\/wp-content\/uploads\/2023\/02\/WhatsApp-Image-2021-04-14-at-13.05.53-768x768.jpg 768w, https:\/\/canmasdeu.net\/wp-content\/uploads\/2023\/02\/WhatsApp-Image-2021-04-14-at-13.05.53-12x12.jpg 12w, https:\/\/canmasdeu.net\/wp-content\/uploads\/2023\/02\/WhatsApp-Image-2021-04-14-at-13.05.53.jpg 1280w\" sizes=\"auto, (max-width: 1024px) 100vw, 1024px\" \/><\/figure>\r\n\r\n\r\n\r\n<figure class=\"wp-block-image size-full\"><img loading=\"lazy\" decoding=\"async\" width=\"768\" height=\"1024\" data-id=\"1820\" class=\"wp-image-1820\" src=\"https:\/\/canmasdeu.net\/wp-content\/uploads\/2023\/02\/IMG_1754.jpg\" alt=\"\" srcset=\"https:\/\/canmasdeu.net\/wp-content\/uploads\/2023\/02\/IMG_1754.jpg 768w, https:\/\/canmasdeu.net\/wp-content\/uploads\/2023\/02\/IMG_1754-225x300.jpg 225w, https:\/\/canmasdeu.net\/wp-content\/uploads\/2023\/02\/IMG_1754-9x12.jpg 9w\" sizes=\"auto, (max-width: 768px) 100vw, 768px\" \/><\/figure>\r\n\r\n\r\n\r\n<figure class=\"wp-block-image size-large\"><img loading=\"lazy\" decoding=\"async\" width=\"1024\" height=\"1024\" data-id=\"1840\" class=\"wp-image-1840\" src=\"https:\/\/canmasdeu.net\/wp-content\/uploads\/2023\/02\/WhatsApp-Image-2021-04-14-at-13.05.52-2-1024x1024.jpg\" alt=\"\" srcset=\"https:\/\/canmasdeu.net\/wp-content\/uploads\/2023\/02\/WhatsApp-Image-2021-04-14-at-13.05.52-2-1024x1024.jpg 1024w, https:\/\/canmasdeu.net\/wp-content\/uploads\/2023\/02\/WhatsApp-Image-2021-04-14-at-13.05.52-2-300x300.jpg 300w, https:\/\/canmasdeu.net\/wp-content\/uploads\/2023\/02\/WhatsApp-Image-2021-04-14-at-13.05.52-2-150x150.jpg 150w, https:\/\/canmasdeu.net\/wp-content\/uploads\/2023\/02\/WhatsApp-Image-2021-04-14-at-13.05.52-2-768x768.jpg 768w, https:\/\/canmasdeu.net\/wp-content\/uploads\/2023\/02\/WhatsApp-Image-2021-04-14-at-13.05.52-2-12x12.jpg 12w, https:\/\/canmasdeu.net\/wp-content\/uploads\/2023\/02\/WhatsApp-Image-2021-04-14-at-13.05.52-2.jpg 1280w\" sizes=\"auto, (max-width: 1024px) 100vw, 1024px\" \/><\/figure>\r\n\r\n\r\n\r\n<figure class=\"wp-block-image size-large\"><img loading=\"lazy\" decoding=\"async\" width=\"1024\" height=\"682\" data-id=\"1817\" class=\"wp-image-1817\" src=\"https:\/\/canmasdeu.net\/wp-content\/uploads\/2023\/02\/Huerto-Can-Masdeu-abril-2015-038-1024x682.jpg\" alt=\"\" srcset=\"https:\/\/canmasdeu.net\/wp-content\/uploads\/2023\/02\/Huerto-Can-Masdeu-abril-2015-038-1024x682.jpg 1024w, https:\/\/canmasdeu.net\/wp-content\/uploads\/2023\/02\/Huerto-Can-Masdeu-abril-2015-038-300x200.jpg 300w, https:\/\/canmasdeu.net\/wp-content\/uploads\/2023\/02\/Huerto-Can-Masdeu-abril-2015-038-768x512.jpg 768w, https:\/\/canmasdeu.net\/wp-content\/uploads\/2023\/02\/Huerto-Can-Masdeu-abril-2015-038-18x12.jpg 18w, https:\/\/canmasdeu.net\/wp-content\/uploads\/2023\/02\/Huerto-Can-Masdeu-abril-2015-038.jpg 1280w\" sizes=\"auto, (max-width: 1024px) 100vw, 1024px\" \/><\/figure>\r\n\r\n\r\n\r\n<figure class=\"wp-block-image size-large\"><img loading=\"lazy\" decoding=\"async\" width=\"768\" height=\"1024\" data-id=\"1829\" class=\"wp-image-1829\" src=\"https:\/\/canmasdeu.net\/wp-content\/uploads\/2023\/02\/IMG-20220217-WA0015-768x1024.jpg\" alt=\"\" srcset=\"https:\/\/canmasdeu.net\/wp-content\/uploads\/2023\/02\/IMG-20220217-WA0015-768x1024.jpg 768w, https:\/\/canmasdeu.net\/wp-content\/uploads\/2023\/02\/IMG-20220217-WA0015-225x300.jpg 225w, https:\/\/canmasdeu.net\/wp-content\/uploads\/2023\/02\/IMG-20220217-WA0015-9x12.jpg 9w, https:\/\/canmasdeu.net\/wp-content\/uploads\/2023\/02\/IMG-20220217-WA0015.jpg 960w\" sizes=\"auto, (max-width: 768px) 100vw, 768px\" \/><\/figure>\r\n\r\n\r\n\r\n<figure class=\"wp-block-image size-large\"><img loading=\"lazy\" decoding=\"async\" width=\"1024\" height=\"682\" data-id=\"1850\" class=\"wp-image-1850\" src=\"https:\/\/canmasdeu.net\/wp-content\/uploads\/2023\/02\/1Enero-1024x682.jpg\" alt=\"\" srcset=\"https:\/\/canmasdeu.net\/wp-content\/uploads\/2023\/02\/1Enero-1024x682.jpg 1024w, https:\/\/canmasdeu.net\/wp-content\/uploads\/2023\/02\/1Enero-300x200.jpg 300w, https:\/\/canmasdeu.net\/wp-content\/uploads\/2023\/02\/1Enero-768x512.jpg 768w, https:\/\/canmasdeu.net\/wp-content\/uploads\/2023\/02\/1Enero-18x12.jpg 18w, https:\/\/canmasdeu.net\/wp-content\/uploads\/2023\/02\/1Enero.jpg 1280w\" sizes=\"auto, (max-width: 1024px) 100vw, 1024px\" \/><\/figure>\r\n\r\n\r\n\r\n<figure class=\"wp-block-image size-large\"><img loading=\"lazy\" decoding=\"async\" width=\"576\" height=\"1024\" data-id=\"1835\" class=\"wp-image-1835\" src=\"https:\/\/canmasdeu.net\/wp-content\/uploads\/2023\/02\/IMG-20221219-WA0023-576x1024.jpg\" alt=\"\" srcset=\"https:\/\/canmasdeu.net\/wp-content\/uploads\/2023\/02\/IMG-20221219-WA0023-576x1024.jpg 576w, https:\/\/canmasdeu.net\/wp-content\/uploads\/2023\/02\/IMG-20221219-WA0023-169x300.jpg 169w, https:\/\/canmasdeu.net\/wp-content\/uploads\/2023\/02\/IMG-20221219-WA0023-7x12.jpg 7w, https:\/\/canmasdeu.net\/wp-content\/uploads\/2023\/02\/IMG-20221219-WA0023.jpg 720w\" sizes=\"auto, (max-width: 576px) 100vw, 576px\" \/><\/figure>\r\n\r\n\r\n\r\n<figure class=\"wp-block-image size-large\"><img loading=\"lazy\" decoding=\"async\" width=\"1024\" height=\"766\" data-id=\"1832\" class=\"wp-image-1832\" src=\"https:\/\/canmasdeu.net\/wp-content\/uploads\/2023\/02\/IMG-20221124-WA0008-1024x766.jpg\" alt=\"\" srcset=\"https:\/\/canmasdeu.net\/wp-content\/uploads\/2023\/02\/IMG-20221124-WA0008-1024x766.jpg 1024w, https:\/\/canmasdeu.net\/wp-content\/uploads\/2023\/02\/IMG-20221124-WA0008-300x224.jpg 300w, https:\/\/canmasdeu.net\/wp-content\/uploads\/2023\/02\/IMG-20221124-WA0008-768x574.jpg 768w, https:\/\/canmasdeu.net\/wp-content\/uploads\/2023\/02\/IMG-20221124-WA0008-16x12.jpg 16w, https:\/\/canmasdeu.net\/wp-content\/uploads\/2023\/02\/IMG-20221124-WA0008.jpg 1280w\" sizes=\"auto, (max-width: 1024px) 100vw, 1024px\" \/><\/figure>\r\n\r\n\r\n\r\n<figure class=\"wp-block-image size-large is-style-default\"><img loading=\"lazy\" decoding=\"async\" width=\"1024\" height=\"682\" data-id=\"1809\" class=\"wp-image-1809\" src=\"https:\/\/canmasdeu.net\/wp-content\/uploads\/2023\/02\/237-1024x682.jpg\" alt=\"\" srcset=\"https:\/\/canmasdeu.net\/wp-content\/uploads\/2023\/02\/237-1024x682.jpg 1024w, https:\/\/canmasdeu.net\/wp-content\/uploads\/2023\/02\/237-300x200.jpg 300w, https:\/\/canmasdeu.net\/wp-content\/uploads\/2023\/02\/237-768x512.jpg 768w, https:\/\/canmasdeu.net\/wp-content\/uploads\/2023\/02\/237-18x12.jpg 18w, https:\/\/canmasdeu.net\/wp-content\/uploads\/2023\/02\/237.jpg 1280w\" sizes=\"auto, (max-width: 1024px) 100vw, 1024px\" \/><\/figure>\r\n<\/figure>\r\n<\/div>","protected":false},"excerpt":{"rendered":"<p>Nos encontramos cada jueves para trabajar codo con codo y compartir verduras. Cuando los d\u00edas se hacen cortos estamos de 10 a 15h, haciendo un tentempi\u00e9 a las 12h15 y comiendo juntas a las 15h, todo gratuito. Cuando el calor aprieta hacemos lo mismo pero por las tardes, de 16:30 a 21h. Para venir no [&hellip;]<\/p>\n","protected":false},"author":1,"featured_media":0,"parent":0,"menu_order":0,"comment_status":"closed","ping_status":"closed","template":"","meta":{"_uag_custom_page_level_css":"","cybocfi_hide_featured_image":"","footnotes":""},"class_list":["post-155","page","type-page","status-publish","hentry"],"uagb_featured_image_src":{"full":false,"thumbnail":false,"medium":false,"medium_large":false,"large":false,"1536x1536":false,"2048x2048":false,"trp-custom-language-flag":false},"uagb_author_info":{"display_name":"Admin \ud83e\ude84","author_link":"https:\/\/canmasdeu.net\/ca\/author\/canmasdeu42\/"},"uagb_comment_info":0,"uagb_excerpt":"Nos encontramos cada jueves para trabajar codo con codo y compartir verduras. Cuando los d\u00edas se hacen cortos estamos de 10 a 15h, haciendo un tentempi\u00e9 a las 12h15 y comiendo juntas a las 15h, todo gratuito. Cuando el calor aprieta hacemos lo mismo pero por las tardes, de 16:30 a 21h. Para venir no&hellip;","_links":{"self":[{"href":"https:\/\/canmasdeu.net\/ca\/wp-json\/wp\/v2\/pages\/155","targetHints":{"allow":["GET"]}}],"collection":[{"href":"https:\/\/canmasdeu.net\/ca\/wp-json\/wp\/v2\/pages"}],"about":[{"href":"https:\/\/canmasdeu.net\/ca\/wp-json\/wp\/v2\/types\/page"}],"author":[{"embeddable":true,"href":"https:\/\/canmasdeu.net\/ca\/wp-json\/wp\/v2\/users\/1"}],"replies":[{"embeddable":true,"href":"https:\/\/canmasdeu.net\/ca\/wp-json\/wp\/v2\/comments?post=155"}],"version-history":[{"count":34,"href":"https:\/\/canmasdeu.net\/ca\/wp-json\/wp\/v2\/pages\/155\/revisions"}],"predecessor-version":[{"id":2937,"href":"https:\/\/canmasdeu.net\/ca\/wp-json\/wp\/v2\/pages\/155\/revisions\/2937"}],"wp:attachment":[{"href":"https:\/\/canmasdeu.net\/ca\/wp-json\/wp\/v2\/media?parent=155"}],"curies":[{"name":"wp","href":"https:\/\/api.w.org\/{rel}","templated":true}]}}